{"id":871,"date":"2023-10-27T04:52:24","date_gmt":"2023-10-27T04:52:24","guid":{"rendered":"https:\/\/fscofga.com\/?page_id=871"},"modified":"2023-10-27T11:44:45","modified_gmt":"2023-10-27T11:44:45","slug":"dich-vu-nha-o-cho-cao-nien","status":"publish","type":"page","link":"http:\/\/fscofga.com\/vi\/dich-vu-nha-o-cho-cao-nien\/","title":{"rendered":"D\u1ecbch v\u1ee5 NH\u00c0 \u1ede CHO CAO NI\u00caN"},"content":{"rendered":"<div data-elementor-type=\"wp-page\" data-elementor-id=\"871\" class=\"elementor elementor-871\" data-elementor-post-type=\"page\">\n\t\t\t\t<div class=\"elementor-element elementor-element-ba900fd e-flex e-con-boxed e-con e-parent\" data-id=\"ba900fd\" data-element_type=\"container\">\n\t\t\t\t\t<div class=\"e-con-inner\">\n\t\t<div class=\"elementor-element elementor-element-bcf4d9a e-flex e-con-boxed e-con e-child\" data-id=\"bcf4d9a\" data-element_type=\"container\">\n\t\t\t\t\t<div class=\"e-con-inner\">\n\t\t<div class=\"elementor-element elementor-element-9a9835e e-con-full e-flex e-con e-child\" data-id=\"9a9835e\" data-element_type=\"container\" data-settings=\"{&quot;background_background&quot;:&quot;classic&quot;}\">\n\t\t\t\t<div class=\"elementor-element elementor-element-408c54c elementor-widget elementor-widget-image\" data-id=\"408c54c\" data-element_type=\"widget\" data-widget_type=\"image.default\">\n\t\t\t\t<div class=\"elementor-widget-container\">\n\t\t\t\t\t\t\t\t\t\t\t\t\t\t\t<img decoding=\"async\" width=\"237\" height=\"172\" src=\"https:\/\/fscofga.com\/wp-content\/uploads\/2023\/10\/2023-10-27_120354.png\" class=\"attachment-full size-full wp-image-879\" alt=\"\" \/>\t\t\t\t\t\t\t\t\t\t\t\t\t\t\t<\/div>\n\t\t\t\t<\/div>\n\t\t\t\t<\/div>\n\t\t<div class=\"elementor-element elementor-element-d8fe184 e-con-full e-flex e-con e-child\" data-id=\"d8fe184\" data-element_type=\"container\">\n\t\t\t\t<div class=\"elementor-element elementor-element-9fca806 elementor-widget elementor-widget-heading\" data-id=\"9fca806\" data-element_type=\"widget\" data-widget_type=\"heading.default\">\n\t\t\t\t<div class=\"elementor-widget-container\">\n\t\t\t\t\t<h2 class=\"elementor-heading-title elementor-size-default\">D\u1ecbch V\u1ee5<\/h2>\t\t\t\t<\/div>\n\t\t\t\t<\/div>\n\t\t\t\t<div class=\"elementor-element elementor-element-d5a8432 elementor-widget elementor-widget-heading\" data-id=\"d5a8432\" data-element_type=\"widget\" data-widget_type=\"heading.default\">\n\t\t\t\t<div class=\"elementor-widget-container\">\n\t\t\t\t\t<h1 class=\"elementor-heading-title elementor-size-default\">NH\u00c0 \u1ede CHO CAO NI\u00caN<\/h1>\t\t\t\t<\/div>\n\t\t\t\t<\/div>\n\t\t\t\t<\/div>\n\t\t\t\t\t<\/div>\n\t\t\t\t<\/div>\n\t\t<div class=\"elementor-element elementor-element-4125eab e-flex e-con-boxed e-con e-child\" data-id=\"4125eab\" data-element_type=\"container\">\n\t\t\t\t\t<div class=\"e-con-inner\">\n\t\t\t\t<div class=\"elementor-element elementor-element-3835c51 elementor-widget elementor-widget-text-editor\" data-id=\"3835c51\" data-element_type=\"widget\" data-widget_type=\"text-editor.default\">\n\t\t\t\t<div class=\"elementor-widget-container\">\n\t\t\t\t\t\t\t\t\t<p><span style=\"color: #1a4c25; font-weight: bold; font-size: 21px;\">1<sup>st<\/sup> SENIOR HOUSING<\/span> l\u00e0 m\u1ed9t d\u1ef1 \u00e1n <span style=\"color: #1a4c25; font-weight: bold;\">PHI L\u1ee2I NHU\u1eacN<\/span> v\u1ec1 nh\u00e0 \u1edf \u0111\u1ea7u ti\u00ean d\u00e0nh cho c\u1ed9ng \u0111\u1ed3ng Cao Ni\u00ean ng\u01b0\u1eddi Vi\u1ec7t \u1edf Atlanta, ti\u1ec3u bang Georgia. D\u1ef1 \u00e1n n\u00e0y l\u00e0 m\u1ed9t khu nh\u00e0 \u1edf t\u1ea1i qu\u1eadn Gwinnett, c\u00f3 kho\u1ea3ng <span style=\"color: #1a4c25; font-weight: bold;\">100 c\u0103n nh\u00e0<\/span> t\u1eeb 1 \u0111\u1ebfn 2 ph\u00f2ng ng\u1ee7 v\u1edbi \u0111\u1ea7y \u0111\u1ee7 ti\u1ec7n nghi sinh ho\u1ea1t gia \u0111\u00ecnh, ph\u00f2ng sinh ho\u1ea1t t\u1eadp th\u1ec3, v\u01b0\u1eddn c\u00e2y c\u1ea3nh v\u00e0 l\u1ed1i \u0111i b\u1ed9 xung quanh. B\u00ean c\u1ea1nh \u0111\u00f3, t\u1ea1i \u0111\u00e2y c\u00f2n c\u00f3 nh\u1eefng d\u1ecbch v\u1ee5 ch\u0103m s\u00f3c y t\u1ebf c\u0103n b\u1ea3n c\u1ea7n thi\u1ebft.<\/p>\t\t\t\t\t\t\t\t<\/div>\n\t\t\t\t<\/div>\n\t\t\t\t<div class=\"elementor-element elementor-element-d885242 elementor-widget elementor-widget-heading\" data-id=\"d885242\" data-element_type=\"widget\" data-widget_type=\"heading.default\">\n\t\t\t\t<div class=\"elementor-widget-container\">\n\t\t\t\t\t<h2 class=\"elementor-heading-title elementor-size-default\">\u0110i\u1ec1u ki\u1ec7n \u0111\u1ec3 \u0111\u01b0\u1ee3c ghi danh?<\/h2>\t\t\t\t<\/div>\n\t\t\t\t<\/div>\n\t\t\t\t<div class=\"elementor-element elementor-element-137dac9 elementor-widget elementor-widget-text-editor\" data-id=\"137dac9\" data-element_type=\"widget\" data-widget_type=\"text-editor.default\">\n\t\t\t\t<div class=\"elementor-widget-container\">\n\t\t\t\t\t\t\t\t\t<ul><li style=\"font-weight: 400;\" aria-level=\"1\"><span style=\"font-weight: 400;\">Cao Ni\u00ean c\u00f3 thu nh\u1eadp th\u1ea5p.<\/span><\/li><li style=\"font-weight: 400;\" aria-level=\"1\"><span style=\"font-weight: 400;\">L\u00e0 H\u1ed9i vi\u00ean c\u1ee7a Trung T\u00e2m.<\/span><\/li><\/ul>\t\t\t\t\t\t\t\t<\/div>\n\t\t\t\t<\/div>\n\t\t\t\t<div class=\"elementor-element elementor-element-885de6a elementor-widget elementor-widget-text-editor\" data-id=\"885de6a\" data-element_type=\"widget\" data-widget_type=\"text-editor.default\">\n\t\t\t\t<div class=\"elementor-widget-container\">\n\t\t\t\t\t\t\t\t\tN\u1ebfu Qu\u00fd v\u1ecb \u0111ang ph\u00e2n v\u00e2n kh\u00f4ng bi\u1ebft m\u00ecnh c\u00f3 \u0111\u1ee7 \u0111i\u1ec1u ki\u1ec7n \u0111\u1ec3:\n<ol>\n<li>Xin ti\u1ec1n tr\u1ee3 c\u1ea5p t\u1eeb ch\u00ednh ph\u1ee7 hay kh\u00f4ng ho\u1eb7c<\/li>\n<li>Mong mu\u1ed1n tr\u1edf th\u00e0nh H\u1ed9i vi\u00ean c\u1ee7a trung t\u00e2m<\/li>\n<\/ol>\nVui l\u00f2ng li\u00ean h\u1ec7 ngay v\u1edbi trung t\u00e2m \u0111\u1ec3 \u0111\u01b0\u1ee3c h\u01b0\u1edbng d\u1eabn c\u00e1ch th\u1ee9c ho\u00e0n th\u00e0nh c\u00e1c th\u1ee7 t\u1ee5c m\u1ed9t c\u00e1ch h\u1ee3p l\u1ec7. \n\t\t\t\t\t\t\t\t<\/div>\n\t\t\t\t<\/div>\n\t\t\t\t<div class=\"elementor-element elementor-element-483504b elementor-widget elementor-widget-heading\" data-id=\"483504b\" data-element_type=\"widget\" data-widget_type=\"heading.default\">\n\t\t\t\t<div class=\"elementor-widget-container\">\n\t\t\t\t\t<h2 class=\"elementor-heading-title elementor-size-default\">T\u1ea4T C\u1ea2 \u0110\u1ec0U MI\u1ec4N PH\u00cd!<\/h2>\t\t\t\t<\/div>\n\t\t\t\t<\/div>\n\t\t\t\t<div class=\"elementor-element elementor-element-8fd5e8f elementor-widget elementor-widget-text-editor\" data-id=\"8fd5e8f\" data-element_type=\"widget\" data-widget_type=\"text-editor.default\">\n\t\t\t\t<div class=\"elementor-widget-container\">\n\t\t\t\t\t\t\t\t\t<b>CH\u00daNG T\u00d4I LU\u00d4N S\u1eb4N S\u00c0NG PH\u1ee4C V\u1ee4,<\/b>\n<br \/>\n<b style=\"font-size: 25px;\">H\u00c3Y G\u1eccI NGAY H\u00d4M NAY!<\/b>\n<br \/>\n<b style=\"font-size: 25px;\">(470) 289-2222<\/b> <span style=\"font-weight: 400;\">ho\u1eb7c<\/span> <b style=\"font-size: 25px;\">(470) 889-4456<\/b>\t\t\t\t\t\t\t\t<\/div>\n\t\t\t\t<\/div>\n\t\t\t\t\t<\/div>\n\t\t\t\t<\/div>\n\t\t<div class=\"elementor-element elementor-element-01a4ae9 e-flex e-con-boxed e-con e-child\" data-id=\"01a4ae9\" data-element_type=\"container\">\n\t\t\t\t\t<div class=\"e-con-inner\">\n\t\t\t\t<div class=\"elementor-element elementor-element-252444c elementor-widget elementor-widget-text-editor\" data-id=\"252444c\" data-element_type=\"widget\" data-widget_type=\"text-editor.default\">\n\t\t\t\t<div class=\"elementor-widget-container\">\n\t\t\t\t\t\t\t\t\t<p><b>FIRST SENIOR CENTER<\/b><\/p><p><b>5555 Oakbrook Pkwy, Bldg. 500, Ste. 500<\/b><\/p><p><b>Norcross, GA 30093<\/b><\/p><p><b>https:\/\/www.facebook.com\/ADHFirstSeniorCenter\/<\/b><\/p>\t\t\t\t\t\t\t\t<\/div>\n\t\t\t\t<\/div>\n\t\t\t\t<div class=\"elementor-element elementor-element-578d24e elementor-widget elementor-widget-image\" data-id=\"578d24e\" data-element_type=\"widget\" data-widget_type=\"image.default\">\n\t\t\t\t<div class=\"elementor-widget-container\">\n\t\t\t\t\t\t\t\t\t\t\t\t\t\t\t<img decoding=\"async\" width=\"193\" height=\"190\" src=\"https:\/\/fscofga.com\/wp-content\/uploads\/2023\/10\/2023-10-26_155617.png\" class=\"attachment-large size-large wp-image-795\" alt=\"\" \/>\t\t\t\t\t\t\t\t\t\t\t\t\t\t\t<\/div>\n\t\t\t\t<\/div>\n\t\t\t\t\t<\/div>\n\t\t\t\t<\/div>\n\t\t\t\t\t<\/div>\n\t\t\t\t<\/div>\n\t\t\t\t<\/div>","protected":false},"excerpt":{"rendered":"<p>D\u1ecbch V\u1ee5 NH\u00c0 \u1ede CHO CAO NI\u00caN 1st SENIOR HOUSING l\u00e0 m\u1ed9t d\u1ef1 \u00e1n PHI L\u1ee2I NHU\u1eacN v\u1ec1 nh\u00e0 \u1edf \u0111\u1ea7u ti\u00ean d\u00e0nh cho c\u1ed9ng \u0111\u1ed3ng Cao Ni\u00ean ng\u01b0\u1eddi Vi\u1ec7t \u1edf Atlanta, ti\u1ec3u bang Georgia. D\u1ef1 \u00e1n n\u00e0y l\u00e0 m\u1ed9t khu nh\u00e0 \u1edf t\u1ea1i qu\u1eadn Gwinnett, c\u00f3 kho\u1ea3ng 100 c\u0103n nh\u00e0 t\u1eeb 1 \u0111\u1ebfn 2 [&hellip;]<\/p>","protected":false},"author":1,"featured_media":0,"parent":0,"menu_order":0,"comment_status":"closed","ping_status":"closed","template":"","meta":{"_eb_attr":"","footnotes":""},"class_list":["post-871","page","type-page","status-publish","hentry"],"_links":{"self":[{"href":"http:\/\/fscofga.com\/vi\/wp-json\/wp\/v2\/pages\/871","targetHints":{"allow":["GET"]}}],"collection":[{"href":"http:\/\/fscofga.com\/vi\/wp-json\/wp\/v2\/pages"}],"about":[{"href":"http:\/\/fscofga.com\/vi\/wp-json\/wp\/v2\/types\/page"}],"author":[{"embeddable":true,"href":"http:\/\/fscofga.com\/vi\/wp-json\/wp\/v2\/users\/1"}],"replies":[{"embeddable":true,"href":"http:\/\/fscofga.com\/vi\/wp-json\/wp\/v2\/comments?post=871"}],"version-history":[{"count":5,"href":"http:\/\/fscofga.com\/vi\/wp-json\/wp\/v2\/pages\/871\/revisions"}],"predecessor-version":[{"id":1005,"href":"http:\/\/fscofga.com\/vi\/wp-json\/wp\/v2\/pages\/871\/revisions\/1005"}],"wp:attachment":[{"href":"http:\/\/fscofga.com\/vi\/wp-json\/wp\/v2\/media?parent=871"}],"curies":[{"name":"wp","href":"https:\/\/api.w.org\/{rel}","templated":true}]}}