{"id":2568,"date":"2024-04-04T06:33:01","date_gmt":"2024-04-04T10:33:01","guid":{"rendered":"https:\/\/fscofga.com\/?page_id=2568"},"modified":"2024-12-10T00:58:11","modified_gmt":"2024-12-10T04:58:11","slug":"donate","status":"publish","type":"page","link":"https:\/\/fscofga.com\/vi\/donate\/","title":{"rendered":"Quy\u00ean g\u00f3p"},"content":{"rendered":"<div data-elementor-type=\"wp-page\" data-elementor-id=\"2568\" class=\"elementor elementor-2568\" data-elementor-post-type=\"page\">\n\t\t\t\t<div class=\"elementor-element elementor-element-2ced588 e-con-full e-flex e-con e-parent\" data-id=\"2ced588\" data-element_type=\"container\">\n\t\t\t\t<div class=\"elementor-element elementor-element-796fa49 elementor-widget elementor-widget-image\" data-id=\"796fa49\" data-element_type=\"widget\" data-widget_type=\"image.default\">\n\t\t\t\t<div class=\"elementor-widget-container\">\n\t\t\t\t\t\t\t\t\t\t\t\t\t\t\t<img fetchpriority=\"high\" decoding=\"async\" width=\"1400\" height=\"943\" src=\"https:\/\/fscofga.com\/wp-content\/uploads\/2023\/09\/banner-get-involve-1.png\" class=\"attachment-1536x1536 size-1536x1536 wp-image-2985\" alt=\"\" srcset=\"https:\/\/fscofga.com\/wp-content\/uploads\/2023\/09\/banner-get-involve-1.png 1400w, https:\/\/fscofga.com\/wp-content\/uploads\/2023\/09\/banner-get-involve-1-300x202.png 300w, https:\/\/fscofga.com\/wp-content\/uploads\/2023\/09\/banner-get-involve-1-1024x690.png 1024w, https:\/\/fscofga.com\/wp-content\/uploads\/2023\/09\/banner-get-involve-1-768x517.png 768w, https:\/\/fscofga.com\/wp-content\/uploads\/2023\/09\/banner-get-involve-1-18x12.png 18w\" sizes=\"(max-width: 1400px) 100vw, 1400px\" \/>\t\t\t\t\t\t\t\t\t\t\t\t\t\t\t<\/div>\n\t\t\t\t<\/div>\n\t\t\t\t<\/div>\n\t\t<div class=\"elementor-element elementor-element-9ad775a e-flex e-con-boxed e-con e-parent\" data-id=\"9ad775a\" data-element_type=\"container\" id=\"donate-form\">\n\t\t\t\t\t<div class=\"e-con-inner\">\n\t\t<div class=\"elementor-element elementor-element-c1f32ca e-flex e-con-boxed e-con e-child\" data-id=\"c1f32ca\" data-element_type=\"container\">\n\t\t\t\t\t<div class=\"e-con-inner\">\n\t\t\t\t<div class=\"elementor-element elementor-element-97aa219 elementor-widget elementor-widget-heading\" data-id=\"97aa219\" data-element_type=\"widget\" data-widget_type=\"heading.default\">\n\t\t\t\t<div class=\"elementor-widget-container\">\n\t\t\t\t\t<h2 class=\"elementor-heading-title elementor-size-default\">H\u00e3y quy\u00ean g\u00f3p<\/h2>\t\t\t\t<\/div>\n\t\t\t\t<\/div>\n\t\t\t\t<div class=\"elementor-element elementor-element-444a191 elementor-widget elementor-widget-text-editor\" data-id=\"444a191\" data-element_type=\"widget\" data-widget_type=\"text-editor.default\">\n\t\t\t\t<div class=\"elementor-widget-container\">\n\t\t\t\t\t\t\t\t\tC\u00f9ng nhau ch\u00fang ta s\u1ebd t\u1ea1o n\u00ean nh\u1eefng thay \u0111\u1ed5i t\u00edch c\u1ef1c qua h\u00e0nh tr\u00ecnh ch\u0103m s\u00f3c v\u00e0 h\u1ed7 tr\u1ee3 cho nh\u1eefng ng\u01b0\u1eddi cao tu\u1ed5i \u0111ang g\u1eb7p kh\u00f3 kh\u0103n. S\u1ef1 \u0111\u00f3ng g\u00f3p qu\u00fd gi\u00e1 c\u1ee7a c\u00e1c b\u1ea1n s\u1ebd gi\u00fap n\u00e2ng cao ch\u1ea5t l\u01b0\u1ee3ng cu\u1ed9c s\u1ed1ng cho nh\u1eefng ng\u01b0\u1eddi cao tu\u1ed5i. Ch\u00fang t\u00f4i v\u00f4 c\u00f9ng bi\u1ebft \u01a1n t\u1ea5m l\u00f2ng nh\u00e2n \u00e1i c\u1ee7a c\u00e1c b\u1ea1n.\n\nM\u1ecdi \u0111\u00f3ng g\u00f3p, d\u00f9 l\u1edbn hay nh\u1ecf, \u0111\u1ec1u l\u00e0 \u0111\u1ed9ng l\u1ef1c v\u00f4 gi\u00e1 \u0111\u1ec3 ch\u00fang t\u00f4i ti\u1ebfp t\u1ee5c n\u1ed7 l\u1ef1c v\u00ec c\u1ed9ng \u0111\u1ed3ng. \t\t\t\t\t\t\t\t<\/div>\n\t\t\t\t<\/div>\n\t\t\t\t<div class=\"elementor-element elementor-element-d6f7628 elementor-widget elementor-widget-text-editor\" data-id=\"d6f7628\" data-element_type=\"widget\" data-widget_type=\"text-editor.default\">\n\t\t\t\t<div class=\"elementor-widget-container\">\n\t\t\t\t\t\t\t\t\t<p>H\u00e3y tham gia \u0111\u00f3ng g\u00f3p v\u00e0o c\u00f4ng vi\u1ec7c \u00fd ngh\u0129a c\u1ee7a ch\u00fang t\u00f4i \u0111\u1ec3 n\u00e2ng cao cu\u1ed9c s\u1ed1ng c\u1ee7a ng\u01b0\u1eddi cao tu\u1ed5i Vi\u1ec7t v\u00e0 c\u00e1c c\u1ed9ng \u0111\u1ed3ng thi\u1ec3u s\u1ed1.<\/p>\t\t\t\t\t\t\t\t<\/div>\n\t\t\t\t<\/div>\n\t\t\t\t<div class=\"elementor-element elementor-element-6510246 elementor-widget elementor-widget-html\" data-id=\"6510246\" data-element_type=\"widget\" data-widget_type=\"html.default\">\n\t\t\t\t<div class=\"elementor-widget-container\">\n\t\t\t\t\t<div class=\"wrapper\" style=\"position:relative;overflow:hidden;height:1350px;width:100%;\"><iframe title='Donation form powered by Zeffy' style='position: absolute; border: 0; top:0;left:0;bottom:0;right:0;width:100%;height:100%' src='https:\/\/www.zeffy.com\/embed\/donation-form\/9243f013-b203-402b-9a89-b75dd32be54d' allowpaymentrequest allowtransparency=\"true\"><\/iframe><\/div>\t\t\t\t<\/div>\n\t\t\t\t<\/div>\n\t\t\t\t\t<\/div>\n\t\t\t\t<\/div>\n\t\t\t\t\t<\/div>\n\t\t\t\t<\/div>\n\t\t\t\t<\/div>","protected":false},"excerpt":{"rendered":"<p>Donate now Together, let&#8217;s make a difference and bring comfort, care, and dignity to those in need. Your support matters greatly in uplifting the lives of elderly individuals facing challenges. Sincerely grateful from the bottom of our hearts for the wonderful contributions of the kind-hearted individuals. Join us by donating to our impactful work to [&hellip;]<\/p>","protected":false},"author":1,"featured_media":0,"parent":0,"menu_order":0,"comment_status":"closed","ping_status":"closed","template":"elementor_header_footer","meta":{"_eb_attr":"","footnotes":""},"class_list":["post-2568","page","type-page","status-publish","hentry"],"_links":{"self":[{"href":"https:\/\/fscofga.com\/vi\/wp-json\/wp\/v2\/pages\/2568","targetHints":{"allow":["GET"]}}],"collection":[{"href":"https:\/\/fscofga.com\/vi\/wp-json\/wp\/v2\/pages"}],"about":[{"href":"https:\/\/fscofga.com\/vi\/wp-json\/wp\/v2\/types\/page"}],"author":[{"embeddable":true,"href":"https:\/\/fscofga.com\/vi\/wp-json\/wp\/v2\/users\/1"}],"replies":[{"embeddable":true,"href":"https:\/\/fscofga.com\/vi\/wp-json\/wp\/v2\/comments?post=2568"}],"version-history":[{"count":46,"href":"https:\/\/fscofga.com\/vi\/wp-json\/wp\/v2\/pages\/2568\/revisions"}],"predecessor-version":[{"id":4584,"href":"https:\/\/fscofga.com\/vi\/wp-json\/wp\/v2\/pages\/2568\/revisions\/4584"}],"wp:attachment":[{"href":"https:\/\/fscofga.com\/vi\/wp-json\/wp\/v2\/media?parent=2568"}],"curies":[{"name":"wp","href":"https:\/\/api.w.org\/{rel}","templated":true}]}}